{"id":74,"date":"2022-09-04T08:16:53","date_gmt":"2022-09-04T06:16:53","guid":{"rendered":"https:\/\/ordimedia.fr\/wp\/?page_id=74"},"modified":"2022-09-07T11:59:08","modified_gmt":"2022-09-07T09:59:08","slug":"outils","status":"publish","type":"page","link":"https:\/\/ordimedia.fr\/wp\/?page_id=74","title":{"rendered":"Outils"},"content":{"rendered":"\n<p>Liste d&rsquo;outils que nos techniciens peuvent vous inviter \u00e0 t\u00e9l\u00e9charger pour r\u00e9soudre vos soucis<\/p>\n\n\n\n<p><a href=\"https:\/\/ordimedia.fr\/PROTECT_Installer_x64_fr_FR.exe\">Agent &amp; Antivirus x64<\/a> <a href=\"https:\/\/ordimedia.fr\/PROTECT_Installer_x86_fr_FR.exe\">x86<\/a><br><a href=\"https:\/\/ordimedia.fr\/PROTECT_Installer_x64.exe\">Agent seul x64<\/a> <a href=\"https:\/\/ordimedia.fr\/PROTECT_Installer_x86.exe\">x86<\/a><\/p>\n\n\n\n<h4 class=\"wp-block-heading\">Prise en main \u00e0 distance<\/h4>\n\n\n\n<div>\n<div style=\"position:relative; width:234px; height:60px;margin-bottom:30px\">\n  <a href=\"https:\/\/ordimedia.fr\/TeamViewer.exe\" style=\"text-decoration:none;\"><br>\n    <img loading=\"lazy\" decoding=\"async\" src=\"https:\/\/www.teamviewer.com\/link\/?url=232691&amp;id=1860090521\" alt=\"Prise en main \u00e0 distance\" title=\"Prise en main \u00e0 distance\" border=\"0\" width=\"234\" height=\"60\"><br>\n    <span style=\"position:absolute; top:30.5px; left:60px; display:block; cursor:pointer; color:White; font-family:Arial; font-size:12px; line-height:26px; font-weight:bold; text-align:center; width:169px;\"><br>\n      Prise en main \u00e0 distance<br>\n    <\/span><br>\n  <\/a>\n<\/div>\n\n<div style=\"font-size: 1rem\">\n<a href=\"https:\/\/get.teamviewer.com\/6pqaj5h\">MAC<\/a> &#8211; \n<a href=\"https:\/\/get.teamviewer.com\/6826hyc\">HOST<\/a> &#8211; \n<a href=\"https:\/\/get.teamviewer.com\/6nmxmc8\">FULL<\/a> \n<\/div>\n\n<div style=\"position:relative; width:234px; height:60px;\">\n  <a href=\"https:\/\/ordimedia.fr\/AnyDesk.exe\" style=\"text-decoration:none;\"><br>\n    <img loading=\"lazy\" decoding=\"async\" src=\"https:\/\/ordimedia.fr\/anydesk.png\" alt=\"Prise en main \u00e0 distance\" title=\"Prise en main \u00e0 distance\" border=\"0\" width=\"234\" height=\"60\"><br>\n    <span style=\"position:absolute; top:30.5px; left:60px; display:block; cursor:pointer; color:White; font-family:Arial; font-size:12px; line-height:26px; font-weight:bold; text-align:center; width:169px;\"><br>\n      Prise en main \u00e0 distance<br>\n    <\/span><br>\n  <\/a>\n<\/div>\n<br>\n<\/div>\n","protected":false},"excerpt":{"rendered":"<p>Liste d&rsquo;outils que nos techniciens peuvent vous inviter \u00e0 t\u00e9l\u00e9charger pour r\u00e9soudre vos soucis Agent &amp; Antivirus x64 x86Agent seul x64 x86 Prise en main \u00e0 distance Prise en main \u00e0 distance MAC &#8211; HOST &#8211; FULL Prise en main \u00e0 distance<\/p>\n","protected":false},"author":1,"featured_media":0,"parent":0,"menu_order":0,"comment_status":"closed","ping_status":"closed","template":"","meta":{"footnotes":""},"class_list":["post-74","page","type-page","status-publish","hentry"],"_links":{"self":[{"href":"https:\/\/ordimedia.fr\/wp\/index.php?rest_route=\/wp\/v2\/pages\/74","targetHints":{"allow":["GET"]}}],"collection":[{"href":"https:\/\/ordimedia.fr\/wp\/index.php?rest_route=\/wp\/v2\/pages"}],"about":[{"href":"https:\/\/ordimedia.fr\/wp\/index.php?rest_route=\/wp\/v2\/types\/page"}],"author":[{"embeddable":true,"href":"https:\/\/ordimedia.fr\/wp\/index.php?rest_route=\/wp\/v2\/users\/1"}],"replies":[{"embeddable":true,"href":"https:\/\/ordimedia.fr\/wp\/index.php?rest_route=%2Fwp%2Fv2%2Fcomments&post=74"}],"version-history":[{"count":9,"href":"https:\/\/ordimedia.fr\/wp\/index.php?rest_route=\/wp\/v2\/pages\/74\/revisions"}],"predecessor-version":[{"id":105,"href":"https:\/\/ordimedia.fr\/wp\/index.php?rest_route=\/wp\/v2\/pages\/74\/revisions\/105"}],"wp:attachment":[{"href":"https:\/\/ordimedia.fr\/wp\/index.php?rest_route=%2Fwp%2Fv2%2Fmedia&parent=74"}],"curies":[{"name":"wp","href":"https:\/\/api.w.org\/{rel}","templated":true}]}}